{"id":3359,"date":"2018-03-16T14:00:40","date_gmt":"2018-03-16T14:00:40","guid":{"rendered":"http:\/\/earn-paire.mydev.ca\/?page_id=3359"},"modified":"2019-04-17T15:24:37","modified_gmt":"2019-04-17T15:24:37","slug":"archives-photos","status":"publish","type":"page","link":"https:\/\/earn-paire.mydev.ca\/fr\/centre-des-medias\/archives-photos\/","title":{"rendered":"Archives photographiques"},"content":{"rendered":"<div class=\"vc_row wpb_row vc_row-fluid\"><div class=\"wpb_column vc_column_container vc_col-sm-3\"><div class=\"vc_column-inner\"><div class=\"wpb_wrapper\"><div  class=\"vc_wp_custommenu wpb_content_element\"><div class=\"widget widget_nav_menu\"><div class=\"menu-media-centre-menu-fr-container\"><ul id=\"menu-media-centre-menu-fr\" class=\"menu\"><li id=\"menu-item-910\" class=\"menu-item menu-item-type-post_type menu-item-object-page menu-item-910\"><a href=\"https:\/\/earn-paire.mydev.ca\/fr\/centre-des-medias\/actualite\/\">Actualit\u00e9<\/a><\/li>\n<li id=\"menu-item-4184\" class=\"menu-item menu-item-type-post_type menu-item-object-page menu-item-4184\"><a href=\"https:\/\/earn-paire.mydev.ca\/fr\/centre-des-medias\/actualite\/archives-bulletins\/\">Archives des bulletins<\/a><\/li>\n<li id=\"menu-item-913\" class=\"menu-item menu-item-type-post_type menu-item-object-page menu-item-913\"><a href=\"https:\/\/earn-paire.mydev.ca\/fr\/histoires-de-reussite\/\">Histoires de r\u00e9ussite<\/a><\/li>\n<li id=\"menu-item-912\" class=\"menu-item menu-item-type-post_type menu-item-object-page menu-item-912\"><a href=\"https:\/\/earn-paire.mydev.ca\/fr\/centre-des-medias\/galerie-de-photos\/\">Galerie de photos<\/a><\/li>\n<li id=\"menu-item-3478\" class=\"menu-item menu-item-type-post_type menu-item-object-page menu-item-3478\"><a href=\"https:\/\/earn-paire.mydev.ca\/fr\/centre-des-medias\/archives-photos\/\">Archives photographiques<\/a><\/li>\n<li id=\"menu-item-911\" class=\"menu-item menu-item-type-post_type menu-item-object-page menu-item-911\"><a href=\"https:\/\/earn-paire.mydev.ca\/fr\/centre-des-medias\/videos-2\/\">Vid\u00e9os<\/a><\/li>\n<li id=\"menu-item-1184\" class=\"menu-item menu-item-type-post_type menu-item-object-page menu-item-1184\"><a href=\"https:\/\/earn-paire.mydev.ca\/fr\/centre-des-medias\/videos-posph\/\">Vid\u00e9os POSPH Aptitudes au travail<\/a><\/li>\n<li id=\"menu-item-1879\" class=\"menu-item menu-item-type-post_type menu-item-object-page menu-item-1879\"><a href=\"https:\/\/earn-paire.mydev.ca\/fr\/centre-des-medias\/actualite\/evenements\/\">\u00c9v\u00e8nements des partenaires<\/a><\/li>\n<\/ul><\/div><\/div><\/div><\/div><\/div><\/div><div class=\"wpb_column vc_column_container vc_col-sm-9\"><div class=\"vc_column-inner\"><div class=\"wpb_wrapper\"><div class=\"vc_row wpb_row vc_inner vc_row-fluid\"><div class=\"wpb_column vc_column_container vc_col-sm-4\"><div class=\"vc_column-inner\"><div class=\"wpb_wrapper\">\n\t<div  class=\"wpb_single_image wpb_content_element vc_align_left  vc_custom_1521220773096\">\n\t\t\n\t\t<figure class=\"wpb_wrapper vc_figure\">\n\t\t\t<a href=\"\/fr\/centre-des-medias\/archives-photos\/galerie-2018\/\" target=\"_self\" class=\"vc_single_image-wrapper   vc_box_border_grey\"><img width=\"770\" height=\"578\" src=\"https:\/\/earn-paire.mydev.ca\/wp-content\/uploads\/2018\/10\/20180918_200007-1024x768.jpg\" class=\"vc_single_image-img attachment-large\" alt=\"\" loading=\"lazy\" srcset=\"https:\/\/earn-paire.mydev.ca\/wp-content\/uploads\/2018\/10\/20180918_200007-1024x768.jpg 1024w, https:\/\/earn-paire.mydev.ca\/wp-content\/uploads\/2018\/10\/20180918_200007-300x225.jpg 300w, https:\/\/earn-paire.mydev.ca\/wp-content\/uploads\/2018\/10\/20180918_200007-768x576.jpg 768w, https:\/\/earn-paire.mydev.ca\/wp-content\/uploads\/2018\/10\/20180918_200007-e1540908570787.jpg 500w\" sizes=\"(max-width: 770px) 100vw, 770px\" \/><\/a>\n\t\t<\/figure>\n\t<\/div>\n\n\t<div class=\"wpb_text_column wpb_content_element \" >\n\t\t<div class=\"wpb_wrapper\">\n\t\t\t<p>  <strong>2018 Galerie de photos<br \/>\n<\/strong><a href=\"http:\/\/earn-paire.mydev.ca\/fr\/centre-des-medias\/archives-photos\/galerie-2018\/\">voir les photos<\/a><\/p>\n\n\t\t<\/div>\n\t<\/div>\n<\/div><\/div><\/div><div class=\"wpb_column vc_column_container vc_col-sm-4\"><div class=\"vc_column-inner\"><div class=\"wpb_wrapper\">\n\t<div  class=\"wpb_single_image wpb_content_element vc_align_left  vc_custom_1521220728714\">\n\t\t\n\t\t<figure class=\"wpb_wrapper vc_figure\">\n\t\t\t<a href=\"\/fr\/centre-des-medias\/archives-photos\/galerie-2017\/\" target=\"_self\" class=\"vc_single_image-wrapper   vc_box_border_grey\"><img width=\"770\" height=\"433\" src=\"https:\/\/earn-paire.mydev.ca\/wp-content\/uploads\/2017\/07\/20170606_161125-1024x576.jpg\" class=\"vc_single_image-img attachment-large\" alt=\"\" loading=\"lazy\" srcset=\"https:\/\/earn-paire.mydev.ca\/wp-content\/uploads\/2017\/07\/20170606_161125-1024x576.jpg 1024w, https:\/\/earn-paire.mydev.ca\/wp-content\/uploads\/2017\/07\/20170606_161125-300x169.jpg 300w, https:\/\/earn-paire.mydev.ca\/wp-content\/uploads\/2017\/07\/20170606_161125-768x432.jpg 768w\" sizes=\"(max-width: 770px) 100vw, 770px\" \/><\/a>\n\t\t<\/figure>\n\t<\/div>\n\n\t<div class=\"wpb_text_column wpb_content_element \" >\n\t\t<div class=\"wpb_wrapper\">\n\t\t\t<p><strong>2017 Galerie de photos<br \/>\n<\/strong><a href=\"http:\/\/earn-paire.mydev.ca\/fr\/centre-des-medias\/archives-photos\/galerie-2017\/\">voir les photos<\/a><\/p>\n\n\t\t<\/div>\n\t<\/div>\n<\/div><\/div><\/div><div class=\"wpb_column vc_column_container vc_col-sm-4\"><div class=\"vc_column-inner\"><div class=\"wpb_wrapper\">\n\t<div  class=\"wpb_single_image wpb_content_element vc_align_left  vc_custom_1521220744655\">\n\t\t\n\t\t<figure class=\"wpb_wrapper vc_figure\">\n\t\t\t<a href=\"\/fr\/centre-des-medias\/archives-photos\/galerie-2016\/\" target=\"_self\" class=\"vc_single_image-wrapper   vc_box_border_grey\"><img width=\"770\" height=\"578\" src=\"https:\/\/earn-paire.mydev.ca\/wp-content\/uploads\/2016\/12\/IMG_0063-1024x768.jpg\" class=\"vc_single_image-img attachment-large\" alt=\"\" loading=\"lazy\" srcset=\"https:\/\/earn-paire.mydev.ca\/wp-content\/uploads\/2016\/12\/IMG_0063-1024x768.jpg 1024w, https:\/\/earn-paire.mydev.ca\/wp-content\/uploads\/2016\/12\/IMG_0063-300x225.jpg 300w, https:\/\/earn-paire.mydev.ca\/wp-content\/uploads\/2016\/12\/IMG_0063-768x576.jpg 768w\" sizes=\"(max-width: 770px) 100vw, 770px\" \/><\/a>\n\t\t<\/figure>\n\t<\/div>\n\n\t<div class=\"wpb_text_column wpb_content_element \" >\n\t\t<div class=\"wpb_wrapper\">\n\t\t\t<p><strong>2016\u00a0Galerie de photos<br \/>\n<\/strong><a href=\"http:\/\/earn-paire.mydev.ca\/fr\/centre-des-medias\/archives-photos\/galerie-2016\/\">voir les photos<\/a><\/p>\n\n\t\t<\/div>\n\t<\/div>\n<\/div><\/div><\/div><\/div><div class=\"vc_row wpb_row vc_inner vc_row-fluid\"><div class=\"wpb_column vc_column_container vc_col-sm-4\"><div class=\"vc_column-inner\"><div class=\"wpb_wrapper\">\n\t<div  class=\"wpb_single_image wpb_content_element vc_align_left  vc_custom_1521220773096\">\n\t\t\n\t\t<figure class=\"wpb_wrapper vc_figure\">\n\t\t\t<a href=\"\/fr\/centre-des-medias\/archives-photos\/galerie-2015\/\" target=\"_self\" class=\"vc_single_image-wrapper   vc_box_border_grey\"><img width=\"770\" height=\"513\" src=\"https:\/\/earn-paire.mydev.ca\/wp-content\/uploads\/2016\/03\/IMG_0536-ratio-1024x682.png\" class=\"vc_single_image-img attachment-large\" alt=\"\" loading=\"lazy\" srcset=\"https:\/\/earn-paire.mydev.ca\/wp-content\/uploads\/2016\/03\/IMG_0536-ratio-1024x682.png 1024w, https:\/\/earn-paire.mydev.ca\/wp-content\/uploads\/2016\/03\/IMG_0536-ratio-300x200.png 300w, https:\/\/earn-paire.mydev.ca\/wp-content\/uploads\/2016\/03\/IMG_0536-ratio-768x512.png 768w\" sizes=\"(max-width: 770px) 100vw, 770px\" \/><\/a>\n\t\t<\/figure>\n\t<\/div>\n\n\t<div class=\"wpb_text_column wpb_content_element \" >\n\t\t<div class=\"wpb_wrapper\">\n\t\t\t<p><strong>2015 Galerie de photos<br \/>\n<\/strong><a href=\"http:\/\/earn-paire.mydev.ca\/fr\/centre-des-medias\/archives-photos\/galerie-2015\/\">voir les photos<\/a><\/p>\n\n\t\t<\/div>\n\t<\/div>\n<\/div><\/div><\/div><div class=\"wpb_column vc_column_container vc_col-sm-4\"><div class=\"vc_column-inner\"><div class=\"wpb_wrapper\">\n\t<div  class=\"wpb_single_image wpb_content_element vc_align_left  vc_custom_1521220791269\">\n\t\t\n\t\t<figure class=\"wpb_wrapper vc_figure\">\n\t\t\t<a href=\"\/fr\/centre-des-medias\/archives-photos\/galerie-2014\/\" target=\"_self\" class=\"vc_single_image-wrapper   vc_box_border_grey\"><img width=\"770\" height=\"512\" src=\"https:\/\/earn-paire.mydev.ca\/wp-content\/uploads\/2016\/02\/010-e1455810184987-1024x681.jpg\" class=\"vc_single_image-img attachment-large\" alt=\"\" loading=\"lazy\" srcset=\"https:\/\/earn-paire.mydev.ca\/wp-content\/uploads\/2016\/02\/010-e1455810184987-1024x681.jpg 1024w, https:\/\/earn-paire.mydev.ca\/wp-content\/uploads\/2016\/02\/010-e1455810184987-300x200.jpg 300w, https:\/\/earn-paire.mydev.ca\/wp-content\/uploads\/2016\/02\/010-e1455810184987-768x511.jpg 768w, https:\/\/earn-paire.mydev.ca\/wp-content\/uploads\/2016\/02\/010-e1455810184987.jpg 2000w\" sizes=\"(max-width: 770px) 100vw, 770px\" \/><\/a>\n\t\t<\/figure>\n\t<\/div>\n\n\t<div class=\"wpb_text_column wpb_content_element \" >\n\t\t<div class=\"wpb_wrapper\">\n\t\t\t<p><strong>2014 Galerie de photos<br \/>\n<\/strong><a href=\"http:\/\/earn-paire.mydev.ca\/fr\/centre-des-medias\/archives-photos\/galerie-2014\/\">voir les photos<\/a><\/p>\n\n\t\t<\/div>\n\t<\/div>\n<\/div><\/div><\/div><div class=\"wpb_column vc_column_container vc_col-sm-4\"><div class=\"vc_column-inner\"><div class=\"wpb_wrapper\"><\/div><\/div><\/div><\/div><\/div><\/div><\/div><\/div>\n","protected":false},"excerpt":{"rendered":"Actualit\u00e9 Archives des bulletins Histoires de r\u00e9ussite Galerie de photos Archives photographiques Vid\u00e9os Vid\u00e9os POSPH Aptitudes au travail \u00c9v\u00e8nements des partenaires 2018 Galerie de photos voir les photos 2017 Galerie de photos voir les photos 2016\u00a0Galerie de photos voir les photos 2015 Galerie de photos voir les photos 2014 Galerie de photos voir les photos","protected":false},"author":12,"featured_media":0,"parent":99,"menu_order":0,"comment_status":"closed","ping_status":"closed","template":"","meta":{"_monsterinsights_skip_tracking":false,"_monsterinsights_sitenote_active":false,"_monsterinsights_sitenote_note":"","_monsterinsights_sitenote_category":0},"yoast_head":"<!-- This site is optimized with the Yoast SEO plugin v16.5 - https:\/\/yoast.com\/wordpress\/plugins\/seo\/ -->\n<meta name=\"robots\" content=\"noindex, follow, max-snippet:-1, max-image-preview:large, max-video-preview:-1\" \/>\n<meta property=\"og:locale\" content=\"fr_FR\" \/>\n<meta property=\"og:type\" content=\"article\" \/>\n<meta property=\"og:title\" content=\"Archives photographiques - EARN - United Way East Ontario\" \/>\n<meta property=\"og:url\" content=\"https:\/\/earn-paire.mydev.ca\/fr\/centre-des-medias\/archives-photos\/\" \/>\n<meta property=\"og:site_name\" content=\"EARN - United Way East Ontario\" \/>\n<meta property=\"article:modified_time\" content=\"2019-04-17T15:24:37+00:00\" \/>\n<meta name=\"twitter:label1\" content=\"Dur\u00e9e de lecture est.\" \/>\n\t<meta name=\"twitter:data1\" content=\"1 minute\" \/>\n<script type=\"application\/ld+json\" class=\"yoast-schema-graph\">{\"@context\":\"https:\/\/schema.org\",\"@graph\":[{\"@type\":\"WebSite\",\"@id\":\"https:\/\/earn-paire.mydev.ca\/#website\",\"url\":\"https:\/\/earn-paire.mydev.ca\/\",\"name\":\"EARN - United Way East Ontario\",\"description\":\"\",\"potentialAction\":[{\"@type\":\"SearchAction\",\"target\":\"https:\/\/earn-paire.mydev.ca\/?s={search_term_string}\",\"query-input\":\"required name=search_term_string\"}],\"inLanguage\":\"fr-FR\"},{\"@type\":\"WebPage\",\"@id\":\"https:\/\/earn-paire.mydev.ca\/fr\/centre-des-medias\/archives-photos\/#webpage\",\"url\":\"https:\/\/earn-paire.mydev.ca\/fr\/centre-des-medias\/archives-photos\/\",\"name\":\"Archives photographiques - EARN - United Way East Ontario\",\"isPartOf\":{\"@id\":\"https:\/\/earn-paire.mydev.ca\/#website\"},\"datePublished\":\"2018-03-16T14:00:40+00:00\",\"dateModified\":\"2019-04-17T15:24:37+00:00\",\"breadcrumb\":{\"@id\":\"https:\/\/earn-paire.mydev.ca\/fr\/centre-des-medias\/archives-photos\/#breadcrumb\"},\"inLanguage\":\"fr-FR\",\"potentialAction\":[{\"@type\":\"ReadAction\",\"target\":[\"https:\/\/earn-paire.mydev.ca\/fr\/centre-des-medias\/archives-photos\/\"]}]},{\"@type\":\"BreadcrumbList\",\"@id\":\"https:\/\/earn-paire.mydev.ca\/fr\/centre-des-medias\/archives-photos\/#breadcrumb\",\"itemListElement\":[{\"@type\":\"ListItem\",\"position\":1,\"name\":\"Home\",\"item\":\"https:\/\/earn-paire.mydev.ca\/fr\/\"},{\"@type\":\"ListItem\",\"position\":2,\"name\":\"Centre des m\\u00e9dias\",\"item\":\"https:\/\/earn-paire.mydev.ca\/fr\/centre-des-medias\/\"},{\"@type\":\"ListItem\",\"position\":3,\"name\":\"Archives photographiques\"}]}]}<\/script>\n<!-- \/ Yoast SEO plugin. -->","_links":{"self":[{"href":"https:\/\/earn-paire.mydev.ca\/fr\/wp-json\/wp\/v2\/pages\/3359"}],"collection":[{"href":"https:\/\/earn-paire.mydev.ca\/fr\/wp-json\/wp\/v2\/pages"}],"about":[{"href":"https:\/\/earn-paire.mydev.ca\/fr\/wp-json\/wp\/v2\/types\/page"}],"author":[{"embeddable":true,"href":"https:\/\/earn-paire.mydev.ca\/fr\/wp-json\/wp\/v2\/users\/12"}],"replies":[{"embeddable":true,"href":"https:\/\/earn-paire.mydev.ca\/fr\/wp-json\/wp\/v2\/comments?post=3359"}],"version-history":[{"count":5,"href":"https:\/\/earn-paire.mydev.ca\/fr\/wp-json\/wp\/v2\/pages\/3359\/revisions"}],"predecessor-version":[{"id":4651,"href":"https:\/\/earn-paire.mydev.ca\/fr\/wp-json\/wp\/v2\/pages\/3359\/revisions\/4651"}],"up":[{"embeddable":true,"href":"https:\/\/earn-paire.mydev.ca\/fr\/wp-json\/wp\/v2\/pages\/99"}],"wp:attachment":[{"href":"https:\/\/earn-paire.mydev.ca\/fr\/wp-json\/wp\/v2\/media?parent=3359"}],"curies":[{"name":"wp","href":"https:\/\/api.w.org\/{rel}","templated":true}]}}