{"id":1446,"date":"2016-08-03T13:56:10","date_gmt":"2016-08-03T13:56:10","guid":{"rendered":"http:\/\/earn-paire.mydev.ca\/fr\/?page_id=1446"},"modified":"2018-10-29T20:10:33","modified_gmt":"2018-10-29T20:10:33","slug":"entrevues-pratiques-ocdsb-2014","status":"publish","type":"page","link":"https:\/\/earn-paire.mydev.ca\/fr\/centre-des-medias\/archives-photos\/galerie-2014\/entrevues-pratiques-ocdsb-2014\/","title":{"rendered":"Entrevues pratiques d\u2019Ottawa Carleton District School Board 2014"},"content":{"rendered":"<div class=\"vc_row wpb_row vc_row-fluid\"><div class=\"wpb_column vc_column_container vc_col-sm-3\"><div class=\"vc_column-inner\"><div class=\"wpb_wrapper\"><div  class=\"vc_wp_custommenu wpb_content_element\"><div class=\"widget widget_nav_menu\"><div class=\"menu-media-centre-menu-fr-container\"><ul id=\"menu-media-centre-menu-fr\" class=\"menu\"><li id=\"menu-item-910\" class=\"menu-item menu-item-type-post_type menu-item-object-page menu-item-910\"><a href=\"https:\/\/earn-paire.mydev.ca\/fr\/centre-des-medias\/actualite\/\">Actualit\u00e9<\/a><\/li>\n<li id=\"menu-item-4184\" class=\"menu-item menu-item-type-post_type menu-item-object-page menu-item-4184\"><a href=\"https:\/\/earn-paire.mydev.ca\/fr\/centre-des-medias\/actualite\/archives-bulletins\/\">Archives des bulletins<\/a><\/li>\n<li id=\"menu-item-913\" class=\"menu-item menu-item-type-post_type menu-item-object-page menu-item-913\"><a href=\"https:\/\/earn-paire.mydev.ca\/fr\/histoires-de-reussite\/\">Histoires de r\u00e9ussite<\/a><\/li>\n<li id=\"menu-item-912\" class=\"menu-item menu-item-type-post_type menu-item-object-page menu-item-912\"><a href=\"https:\/\/earn-paire.mydev.ca\/fr\/centre-des-medias\/galerie-de-photos\/\">Galerie de photos<\/a><\/li>\n<li id=\"menu-item-3478\" class=\"menu-item menu-item-type-post_type menu-item-object-page menu-item-3478\"><a href=\"https:\/\/earn-paire.mydev.ca\/fr\/centre-des-medias\/archives-photos\/\">Archives photographiques<\/a><\/li>\n<li id=\"menu-item-911\" class=\"menu-item menu-item-type-post_type menu-item-object-page menu-item-911\"><a href=\"https:\/\/earn-paire.mydev.ca\/fr\/centre-des-medias\/videos-2\/\">Vid\u00e9os<\/a><\/li>\n<li id=\"menu-item-1184\" class=\"menu-item menu-item-type-post_type menu-item-object-page menu-item-1184\"><a href=\"https:\/\/earn-paire.mydev.ca\/fr\/centre-des-medias\/videos-posph\/\">Vid\u00e9os POSPH Aptitudes au travail<\/a><\/li>\n<li id=\"menu-item-1879\" class=\"menu-item menu-item-type-post_type menu-item-object-page menu-item-1879\"><a href=\"https:\/\/earn-paire.mydev.ca\/fr\/centre-des-medias\/actualite\/evenements\/\">\u00c9v\u00e8nements des partenaires<\/a><\/li>\n<\/ul><\/div><\/div><\/div><\/div><\/div><\/div><div class=\"wpb_column vc_column_container vc_col-sm-9\"><div class=\"vc_column-inner\"><div class=\"wpb_wrapper\">\n<div class=\"vc_grid-container-wrapper vc_clearfix\">\n\t<div class=\"vc_grid-container vc_clearfix wpb_content_element vc_media_grid\" data-initial-loading-animation=\"fadeIn\" data-vc-grid-settings=\"{&quot;page_id&quot;:1446,&quot;style&quot;:&quot;all&quot;,&quot;action&quot;:&quot;vc_get_vc_grid_data&quot;,&quot;shortcode_id&quot;:&quot;1470232755920-1efc8916-9b47-0&quot;,&quot;tag&quot;:&quot;vc_media_grid&quot;}\" data-vc-request=\"https:\/\/earn-paire.mydev.ca\/wp-admin\/admin-ajax.php?lang=fr\" data-vc-post-id=\"1446\" data-vc-public-nonce=\"09f14092b9\">\n\t\t\n\t<\/div>\n<\/div><div class=\"vc_btn3-container vc_btn3-inline\" ><a style=\"background-color:#e51c23; color:#ffffff;\" class=\"vc_general vc_btn3 vc_btn3-size-md vc_btn3-shape-rounded vc_btn3-style-custom\" href=\"\/fr\/centre-des-medias\/galerie-de-photos\/\" title=\"\">Galerie de photos<\/a><\/div><\/div><\/div><\/div><\/div>\n","protected":false},"excerpt":{"rendered":"Actualit\u00e9 Archives des bulletins Histoires de r\u00e9ussite Galerie de photos Archives photographiques Vid\u00e9os Vid\u00e9os POSPH Aptitudes au travail \u00c9v\u00e8nements des partenaires Galerie de photos","protected":false},"author":12,"featured_media":0,"parent":3373,"menu_order":0,"comment_status":"closed","ping_status":"closed","template":"","meta":{"_monsterinsights_skip_tracking":false,"_monsterinsights_sitenote_active":false,"_monsterinsights_sitenote_note":"","_monsterinsights_sitenote_category":0},"yoast_head":"<!-- This site is optimized with the Yoast SEO plugin v16.5 - https:\/\/yoast.com\/wordpress\/plugins\/seo\/ -->\n<meta name=\"robots\" content=\"noindex, follow, max-snippet:-1, max-image-preview:large, max-video-preview:-1\" \/>\n<meta property=\"og:locale\" content=\"fr_FR\" \/>\n<meta property=\"og:type\" content=\"article\" \/>\n<meta property=\"og:title\" content=\"Entrevues pratiques d\u2019Ottawa Carleton District School Board 2014 - EARN - United Way East Ontario\" \/>\n<meta property=\"og:url\" content=\"https:\/\/earn-paire.mydev.ca\/fr\/centre-des-medias\/archives-photos\/galerie-2014\/entrevues-pratiques-ocdsb-2014\/\" \/>\n<meta property=\"og:site_name\" content=\"EARN - United Way East Ontario\" \/>\n<meta property=\"article:modified_time\" content=\"2018-10-29T20:10:33+00:00\" \/>\n<script type=\"application\/ld+json\" class=\"yoast-schema-graph\">{\"@context\":\"https:\/\/schema.org\",\"@graph\":[{\"@type\":\"WebSite\",\"@id\":\"https:\/\/earn-paire.mydev.ca\/#website\",\"url\":\"https:\/\/earn-paire.mydev.ca\/\",\"name\":\"EARN - United Way East Ontario\",\"description\":\"\",\"potentialAction\":[{\"@type\":\"SearchAction\",\"target\":\"https:\/\/earn-paire.mydev.ca\/?s={search_term_string}\",\"query-input\":\"required name=search_term_string\"}],\"inLanguage\":\"fr-FR\"},{\"@type\":\"WebPage\",\"@id\":\"https:\/\/earn-paire.mydev.ca\/fr\/centre-des-medias\/archives-photos\/galerie-2014\/entrevues-pratiques-ocdsb-2014\/#webpage\",\"url\":\"https:\/\/earn-paire.mydev.ca\/fr\/centre-des-medias\/archives-photos\/galerie-2014\/entrevues-pratiques-ocdsb-2014\/\",\"name\":\"Entrevues pratiques d\\u2019Ottawa Carleton District School Board 2014 - EARN - United Way East Ontario\",\"isPartOf\":{\"@id\":\"https:\/\/earn-paire.mydev.ca\/#website\"},\"datePublished\":\"2016-08-03T13:56:10+00:00\",\"dateModified\":\"2018-10-29T20:10:33+00:00\",\"breadcrumb\":{\"@id\":\"https:\/\/earn-paire.mydev.ca\/fr\/centre-des-medias\/archives-photos\/galerie-2014\/entrevues-pratiques-ocdsb-2014\/#breadcrumb\"},\"inLanguage\":\"fr-FR\",\"potentialAction\":[{\"@type\":\"ReadAction\",\"target\":[\"https:\/\/earn-paire.mydev.ca\/fr\/centre-des-medias\/archives-photos\/galerie-2014\/entrevues-pratiques-ocdsb-2014\/\"]}]},{\"@type\":\"BreadcrumbList\",\"@id\":\"https:\/\/earn-paire.mydev.ca\/fr\/centre-des-medias\/archives-photos\/galerie-2014\/entrevues-pratiques-ocdsb-2014\/#breadcrumb\",\"itemListElement\":[{\"@type\":\"ListItem\",\"position\":1,\"name\":\"Home\",\"item\":\"https:\/\/earn-paire.mydev.ca\/fr\/\"},{\"@type\":\"ListItem\",\"position\":2,\"name\":\"Centre des m\\u00e9dias\",\"item\":\"https:\/\/earn-paire.mydev.ca\/fr\/centre-des-medias\/\"},{\"@type\":\"ListItem\",\"position\":3,\"name\":\"Archives photographiques\",\"item\":\"https:\/\/earn-paire.mydev.ca\/fr\/centre-des-medias\/archives-photos\/\"},{\"@type\":\"ListItem\",\"position\":4,\"name\":\"2014 Galerie de photos\",\"item\":\"https:\/\/earn-paire.mydev.ca\/fr\/centre-des-medias\/archives-photos\/galerie-2014\/\"},{\"@type\":\"ListItem\",\"position\":5,\"name\":\"Entrevues pratiques d\\u2019Ottawa Carleton District School Board 2014\"}]}]}<\/script>\n<!-- \/ Yoast SEO plugin. -->","_links":{"self":[{"href":"https:\/\/earn-paire.mydev.ca\/fr\/wp-json\/wp\/v2\/pages\/1446"}],"collection":[{"href":"https:\/\/earn-paire.mydev.ca\/fr\/wp-json\/wp\/v2\/pages"}],"about":[{"href":"https:\/\/earn-paire.mydev.ca\/fr\/wp-json\/wp\/v2\/types\/page"}],"author":[{"embeddable":true,"href":"https:\/\/earn-paire.mydev.ca\/fr\/wp-json\/wp\/v2\/users\/12"}],"replies":[{"embeddable":true,"href":"https:\/\/earn-paire.mydev.ca\/fr\/wp-json\/wp\/v2\/comments?post=1446"}],"version-history":[{"count":1,"href":"https:\/\/earn-paire.mydev.ca\/fr\/wp-json\/wp\/v2\/pages\/1446\/revisions"}],"predecessor-version":[{"id":4260,"href":"https:\/\/earn-paire.mydev.ca\/fr\/wp-json\/wp\/v2\/pages\/1446\/revisions\/4260"}],"up":[{"embeddable":true,"href":"https:\/\/earn-paire.mydev.ca\/fr\/wp-json\/wp\/v2\/pages\/3373"}],"wp:attachment":[{"href":"https:\/\/earn-paire.mydev.ca\/fr\/wp-json\/wp\/v2\/media?parent=1446"}],"curies":[{"name":"wp","href":"https:\/\/api.w.org\/{rel}","templated":true}]}}