{"id":101,"date":"2014-10-16T17:16:16","date_gmt":"2014-10-16T17:16:16","guid":{"rendered":"http:\/\/earn-paire.mydev.ca\/fr\/"},"modified":"2020-12-17T20:23:42","modified_gmt":"2020-12-17T20:23:42","slug":"home","status":"publish","type":"page","link":"https:\/\/earn-paire.mydev.ca\/fr\/","title":{"rendered":"Home"},"content":{"rendered":"<div class=\"vc_row wpb_row vc_row-fluid vc_custom_1539277882970\"><div class=\"wpb_column vc_column_container vc_col-sm-12\"><div class=\"vc_column-inner vc_custom_1539277931671\"><div class=\"wpb_wrapper\">[rev_slider_vc alias=&#8221;french-home-slider&#8221;]<\/div><\/div><\/div><\/div><div data-vc-full-width=\"true\" data-vc-full-width-init=\"false\" class=\"vc_row wpb_row vc_row-fluid home-fact-banner vc_custom_1607362368394 vc_row-has-fill\"><div class=\"wpb_column vc_column_container vc_col-sm-12 vc_hidden-xs\"><div class=\"vc_column-inner\"><div class=\"wpb_wrapper\">[rev_slider_vc alias=&#8221;french-home-facts&#8221;]<\/div><\/div><\/div><\/div><div class=\"vc_row-full-width vc_clearfix\"><\/div><div data-vc-full-width=\"true\" data-vc-full-width-init=\"false\" class=\"vc_row wpb_row vc_row-fluid vc_custom_1607363829752 vc_row-has-fill\"><div class=\"wpb_column vc_column_container vc_col-sm-5\"><div class=\"vc_column-inner\"><div class=\"wpb_wrapper\">\n\t<div  class=\"wpb_single_image wpb_content_element vc_align_left\">\n\t\t\n\t\t<figure class=\"wpb_wrapper vc_figure\">\n\t\t\t<div class=\"vc_single_image-wrapper   vc_box_border_grey\"><img width=\"770\" height=\"512\" src=\"https:\/\/earn-paire.mydev.ca\/wp-content\/uploads\/2020\/12\/earn-find-talent.jpg\" class=\"vc_single_image-img attachment-large\" alt=\"\" loading=\"lazy\" srcset=\"https:\/\/earn-paire.mydev.ca\/wp-content\/uploads\/2020\/12\/earn-find-talent.jpg 809w, https:\/\/earn-paire.mydev.ca\/wp-content\/uploads\/2020\/12\/earn-find-talent-300x200.jpg 300w, https:\/\/earn-paire.mydev.ca\/wp-content\/uploads\/2020\/12\/earn-find-talent-768x511.jpg 768w\" sizes=\"(max-width: 770px) 100vw, 770px\" \/><\/div>\n\t\t<\/figure>\n\t<\/div>\n<\/div><\/div><\/div><div class=\"wpb_column vc_column_container vc_col-sm-7\"><div class=\"vc_column-inner vc_custom_1607363851607\"><div class=\"wpb_wrapper\">\n\t<div class=\"wpb_text_column wpb_content_element  vc_custom_1607530883551\" >\n\t\t<div class=\"wpb_wrapper\">\n\t\t\t<p><strong>Bon nombre d\u2019employeurs ignorent l\u2019existence des ressources qui sont \u00e0 leur disponibilit\u00e9 lorsque vient le temps de recruter des employ\u00e9s handicap\u00e9s, de les accueillir et de les maintenir en poste. De plus, beaucoup de mythes et d\u2019id\u00e9es fausses circulent encore sur l\u2019embauche de ces personnes et leur int\u00e9gration dans le milieu de travail.<\/strong><\/p>\n\n\t\t<\/div>\n\t<\/div>\n\n\t<div class=\"wpb_text_column wpb_content_element  vc_custom_1607530887785\" >\n\t\t<div class=\"wpb_wrapper\">\n\t\t\t<p>Le PAIRE est constitu\u00e9 d\u2019importants employeurs et de fournisseurs de services inform\u00e9s, tous concentr\u00e9s sur l\u2019\u00e9limination des obstacles \u00e0 l\u2019emploi. Les membres ont l\u2019occasion de r\u00e9seauter, de partager des pratiques exemplaires, de recevoir une \u00e9ducation sur le handicap et l\u2019inclusion, ainsi que de rencontrer des chercheurs d\u2019emploi handicap\u00e9s comp\u00e9tents de notre communaut\u00e9.\u00a0Les principales activit\u00e9s du PAIRE comprennent les suivantes\u00a0: des occasions de recrutement et de r\u00e9seautage cibl\u00e9es pour les employeurs et les chercheurs d\u2019emploi handicap\u00e9s, des conf\u00e9rences t\u00e9l\u00e9phoniques ax\u00e9es sur le jumelage d\u2019emploi, des activit\u00e9s d\u2019apprentissage pour les employeurs et les partenaires communautaires, une conf\u00e9rence annuelle \u00a0et des communications r\u00e9guli\u00e8res sur les enjeux en mati\u00e8re d\u2019emploi et de handicap.<\/p>\n\n\t\t<\/div>\n\t<\/div>\n<div class=\"vc_btn3-container  btn-bold vc_btn3-inline\" ><button style=\"background-color:#424d57; color:#ffffff;\" class=\"vc_general vc_btn3 vc_btn3-size-md vc_btn3-shape-rounded vc_btn3-style-custom vc_btn3-icon-right\">Trouver des talents maintenant <i class=\"vc_btn3-icon fa fa-arrow-right\"><\/i><\/button><\/div><\/div><\/div><\/div><\/div><div class=\"vc_row-full-width vc_clearfix\"><\/div><div class=\"vc_row wpb_row vc_row-fluid vc_custom_1607970821493\"><div class=\"wpb_column vc_column_container vc_col-sm-12\"><div class=\"vc_column-inner\"><div class=\"wpb_wrapper\">\n\t<div class=\"wpb_text_column wpb_content_element \" >\n\t\t<div class=\"wpb_wrapper\">\n\t\t\t<h2>Activit\u00e9s<\/h2>\n\n\t\t<\/div>\n\t<\/div>\n\n\t<div class=\"wpb_text_column wpb_content_element  vc_custom_1607531064754\" >\n\t\t<div class=\"wpb_wrapper\">\n\t\t\t\n\n\n<div id=\"wpv-view-layout-91\" class=\"js-wpv-view-layout js-wpv-layout-responsive js-wpv-view-layout-91\" data-viewnumber=\"91\" data-pagination=\"{&quot;id&quot;:91,&quot;query&quot;:&quot;normal&quot;,&quot;type&quot;:&quot;disabled&quot;,&quot;effect&quot;:&quot;fade&quot;,&quot;duration&quot;:500,&quot;speed&quot;:5,&quot;pause_on_hover&quot;:&quot;disabled&quot;,&quot;stop_rollover&quot;:&quot;false&quot;,&quot;cache_pages&quot;:&quot;enabled&quot;,&quot;preload_images&quot;:&quot;enabled&quot;,&quot;preload_pages&quot;:&quot;enabled&quot;,&quot;preload_reach&quot;:1,&quot;spinner&quot;:&quot;builtin&quot;,&quot;spinner_image&quot;:&quot;https:\/\/spark-uwo-dev.mystagingwebsite.com\/wp-content\/plugins\/wp-views\/res\/img\/ajax-loader.gif&quot;,&quot;callback_next&quot;:&quot;&quot;,&quot;manage_history&quot;:&quot;disabled&quot;,&quot;has_controls_in_form&quot;:&quot;disabled&quot;,&quot;infinite_tolerance&quot;:&quot;0&quot;,&quot;max_pages&quot;:1,&quot;page&quot;:1,&quot;base_permalink&quot;:&quot;\/fr\/wp-json\/wp\/v2\/pages\/101?wpv_view_count=91&amp;wpv_paged=WPV_PAGE_NUM&quot;,&quot;loop&quot;:{&quot;type&quot;:&quot;&quot;,&quot;name&quot;:&quot;&quot;,&quot;data&quot;:[],&quot;id&quot;:0}}\" data-permalink=\"\/fr\/wp-json\/wp\/v2\/pages\/101?wpv_view_count=91\">\n\n\t\n\t\n \t<div class=\"home-events\">\n\t\t\n          <div class=\"event\">\n            <a href=\"https:\/\/earn-paire.mydev.ca\/fr\/event\/8eme-conference\/\"><div class=\"event-image\" style=\"background-image: url(http:\/\/earn-paire.mydev.ca\/wp-content\/uploads\/2019\/02\/EARN_logo_fre.png)\"><\/div><\/a>\n            <div class=\"event-date\">11.19.2020<\/div>\n            <div class=\"event-title\"><h3><a href=\"https:\/\/earn-paire.mydev.ca\/fr\/event\/8eme-conference\/\">8e conf\u00e9rence annuelle du PAIRE &#8211; Engager son effectif futur : des strat\u00e9gies qui contribuent \u00e0 l\u2019inclusion!<\/a> <\/h3><\/div>           \n            <div class=\"event-excerpt\"><p>Restez \u00e0 l\u2019\u00e9coute pour plus de renseignements \u00e0 propos de la 8e conf\u00e9rence annuelle du Partenariat en acc\u00e8s, informations et ressources d\u2019emploi (PAIRE)! Cette ann\u00e9e, l\u2019\u00e9v\u00e9nem<\/p>\n<\/div>\n            <\/div>\n\t\t\n\t\n\t<\/div>\n\t\n\t\n<\/div>\n\n\t\t<\/div>\n\t<\/div>\n<div class=\"vc_separator wpb_content_element vc_separator_align_center vc_sep_width_100 vc_sep_border_width_2 vc_sep_pos_align_center vc_separator_no_text vc_custom_1607367030209  vc_custom_1607367030209\" ><span class=\"vc_sep_holder vc_sep_holder_l\"><span  style=\"border-color:#424d57;\" class=\"vc_sep_line\"><\/span><\/span><span class=\"vc_sep_holder vc_sep_holder_r\"><span  style=\"border-color:#424d57;\" class=\"vc_sep_line\"><\/span><\/span>\n<\/div><\/div><\/div><\/div><\/div><div class=\"vc_row wpb_row vc_row-fluid no-mobile-padding vc_custom_1608236620092\"><div class=\"wpb_column vc_column_container vc_col-sm-12\"><div class=\"vc_column-inner\"><div class=\"wpb_wrapper\">\n\t<div class=\"wpb_text_column wpb_content_element \" >\n\t\t<div class=\"wpb_wrapper\">\n\t\t\t<h2>Suivez-nous sur Twitter<\/h2>\n\n\t\t<\/div>\n\t<\/div>\n\n\t<div class=\"wpb_text_column wpb_content_element \" >\n\t\t<div class=\"wpb_wrapper\">\n\t\t\t<div id=\"ctf\" class=\"ctf\" data-ctfshortcode=\"{}\"><div class=\"ctf-error\"><div class=\"ctf-error-user\"><\/div><\/div><\/div>\n\n\t\t<\/div>\n\t<\/div>\n<\/div><\/div><\/div><\/div>\n","protected":false},"excerpt":{"rendered":"[rev_slider_vc alias=\"french-home-slider\"][rev_slider_vc alias=\"french-home-facts\"] Bon nombre d\u2019employeurs ignorent l\u2019existence des ressources qui sont \u00e0 leur disponibilit\u00e9 lorsque vient le temps de recruter des employ\u00e9s handicap\u00e9s, de les accueillir et de les maintenir en poste. De plus, beaucoup de mythes et d\u2019id\u00e9es fausses circulent encore sur l\u2019embauche de ces personnes et leur int\u00e9gration dans le milieu de [...]","protected":false},"author":3,"featured_media":721,"parent":0,"menu_order":0,"comment_status":"closed","ping_status":"open","template":"","meta":{"_monsterinsights_skip_tracking":false,"_monsterinsights_sitenote_active":false,"_monsterinsights_sitenote_note":"","_monsterinsights_sitenote_category":0},"yoast_head":"<!-- This site is optimized with the Yoast SEO plugin v16.5 - https:\/\/yoast.com\/wordpress\/plugins\/seo\/ -->\n<meta name=\"robots\" content=\"noindex, follow, max-snippet:-1, max-image-preview:large, max-video-preview:-1\" \/>\n<meta property=\"og:locale\" content=\"fr_FR\" \/>\n<meta property=\"og:type\" content=\"article\" \/>\n<meta property=\"og:title\" content=\"Home - EARN - United Way East Ontario\" \/>\n<meta property=\"og:url\" content=\"https:\/\/earn-paire.mydev.ca\/fr\/\" \/>\n<meta property=\"og:site_name\" content=\"EARN - United Way East Ontario\" \/>\n<meta property=\"article:modified_time\" content=\"2020-12-17T20:23:42+00:00\" \/>\n<meta property=\"og:image\" content=\"https:\/\/earn-paire.mydev.ca\/wp-content\/uploads\/2016\/02\/earn-homepage-rotator-image-1024x547.jpg\" \/>\n\t<meta property=\"og:image:width\" content=\"1024\" \/>\n\t<meta property=\"og:image:height\" content=\"547\" \/>\n<meta name=\"twitter:label1\" content=\"Dur\u00e9e de lecture est.\" \/>\n\t<meta name=\"twitter:data1\" content=\"2 minutes\" \/>\n<script type=\"application\/ld+json\" class=\"yoast-schema-graph\">{\"@context\":\"https:\/\/schema.org\",\"@graph\":[{\"@type\":\"WebSite\",\"@id\":\"https:\/\/earn-paire.mydev.ca\/#website\",\"url\":\"https:\/\/earn-paire.mydev.ca\/\",\"name\":\"EARN - United Way East Ontario\",\"description\":\"\",\"potentialAction\":[{\"@type\":\"SearchAction\",\"target\":\"https:\/\/earn-paire.mydev.ca\/?s={search_term_string}\",\"query-input\":\"required name=search_term_string\"}],\"inLanguage\":\"fr-FR\"},{\"@type\":\"ImageObject\",\"@id\":\"https:\/\/earn-paire.mydev.ca\/fr\/#primaryimage\",\"inLanguage\":\"fr-FR\",\"url\":\"https:\/\/earn-paire.mydev.ca\/wp-content\/uploads\/2016\/02\/earn-homepage-rotator-image.jpg\",\"contentUrl\":\"https:\/\/earn-paire.mydev.ca\/wp-content\/uploads\/2016\/02\/earn-homepage-rotator-image.jpg\",\"width\":4696,\"height\":2508,\"caption\":\"Smiling businessman in a wheelchair sending a text\"},{\"@type\":\"WebPage\",\"@id\":\"https:\/\/earn-paire.mydev.ca\/fr\/#webpage\",\"url\":\"https:\/\/earn-paire.mydev.ca\/fr\/\",\"name\":\"Home - EARN - United Way East Ontario\",\"isPartOf\":{\"@id\":\"https:\/\/earn-paire.mydev.ca\/#website\"},\"primaryImageOfPage\":{\"@id\":\"https:\/\/earn-paire.mydev.ca\/fr\/#primaryimage\"},\"datePublished\":\"2014-10-16T17:16:16+00:00\",\"dateModified\":\"2020-12-17T20:23:42+00:00\",\"breadcrumb\":{\"@id\":\"https:\/\/earn-paire.mydev.ca\/fr\/#breadcrumb\"},\"inLanguage\":\"fr-FR\",\"potentialAction\":[{\"@type\":\"ReadAction\",\"target\":[\"https:\/\/earn-paire.mydev.ca\/fr\/\"]}]},{\"@type\":\"BreadcrumbList\",\"@id\":\"https:\/\/earn-paire.mydev.ca\/fr\/#breadcrumb\",\"itemListElement\":[{\"@type\":\"ListItem\",\"position\":1,\"name\":\"Home\",\"item\":\"https:\/\/earn-paire.mydev.ca\/fr\/\"},{\"@type\":\"ListItem\",\"position\":2,\"name\":\"Home\"}]}]}<\/script>\n<!-- \/ Yoast SEO plugin. -->","_links":{"self":[{"href":"https:\/\/earn-paire.mydev.ca\/fr\/wp-json\/wp\/v2\/pages\/101"}],"collection":[{"href":"https:\/\/earn-paire.mydev.ca\/fr\/wp-json\/wp\/v2\/pages"}],"about":[{"href":"https:\/\/earn-paire.mydev.ca\/fr\/wp-json\/wp\/v2\/types\/page"}],"author":[{"embeddable":true,"href":"https:\/\/earn-paire.mydev.ca\/fr\/wp-json\/wp\/v2\/users\/3"}],"replies":[{"embeddable":true,"href":"https:\/\/earn-paire.mydev.ca\/fr\/wp-json\/wp\/v2\/comments?post=101"}],"version-history":[{"count":24,"href":"https:\/\/earn-paire.mydev.ca\/fr\/wp-json\/wp\/v2\/pages\/101\/revisions"}],"predecessor-version":[{"id":6275,"href":"https:\/\/earn-paire.mydev.ca\/fr\/wp-json\/wp\/v2\/pages\/101\/revisions\/6275"}],"wp:featuredmedia":[{"embeddable":true,"href":"https:\/\/earn-paire.mydev.ca\/fr\/wp-json\/wp\/v2\/media\/721"}],"wp:attachment":[{"href":"https:\/\/earn-paire.mydev.ca\/fr\/wp-json\/wp\/v2\/media?parent=101"}],"curies":[{"name":"wp","href":"https:\/\/api.w.org\/{rel}","templated":true}]}}